{"id":533,"date":"2020-02-10T15:32:17","date_gmt":"2020-02-10T15:32:17","guid":{"rendered":"http:\/\/luxospackaging.com\/blog\/?page_id=533"},"modified":"2022-01-03T09:18:16","modified_gmt":"2022-01-03T09:18:16","slug":"politica-de-privacidad","status":"publish","type":"page","link":"https:\/\/luxospackaging.com\/blog\/politica-de-privacidad\/","title":{"rendered":"POL\u00cdTICA DE PRIVACIDAD"},"content":{"rendered":"\n<p>La\nprivacidad de sus datos es muy importante para nosotros. En esta declaraci\u00f3n de\nprivacidad se explica qu\u00e9 datos personales recopilamos de nuestros usuarios y\nc\u00f3mo los utilizamos. Le invitamos a leer detenidamente estos t\u00e9rminos antes de\nfacilitar sus datos personales en esta web.<\/p>\n\n\n\n<p>En\nesta p\u00e1gina se respetan y cuidan los datos personales de los usuarios. Como\nusuario debe saber que sus derechos est\u00e1n garantizados.<\/p>\n\n\n\n<p>Es\npreciso advertir que esta Pol\u00edtica de Privacidad podr\u00eda variar en funci\u00f3n de\nexigencias legislativas o de autorregulaci\u00f3n, por lo que se aconseja a los\nusuarios que la visiten peri\u00f3dicamente. Ser\u00e1 aplicable en caso de que los\nusuarios decidan rellenar alg\u00fan formulario de cualquiera de sus formularios de\ncontacto donde se recaben datos de car\u00e1cter personal.<\/p>\n\n\n\n<p>ESTUDI\nGRAF, SA ha adecuado esta web a las exigencias de la Ley Org\u00e1nica 15\/1999, de\n13 de diciembre, de Protecci\u00f3n de Datos de Car\u00e1cter Personal (LOPD), y al Real\nDecreto 1720\/2007, de 21 de diciembre, conocido como el Reglamento de\ndesarrollo de la LOPD. Cumple tambi\u00e9n con el Reglamento (UE) 2016\/679 del\nParlamento Europeo y del Consejo de 27 de abril de 2016 relativo a la\nprotecci\u00f3n de las personas f\u00edsicas (RGPD), as\u00ed como con la Ley 34\/2002, de 11\nde julio, de Servicios de la Sociedad de la Informaci\u00f3n y Comercio Electr\u00f3nico\n(LSSICE o LSSI).<\/p>\n\n\n\n<p><strong>Datos del responsable del fichero<\/strong><\/p>\n\n\n\n<ul class=\"wp-block-list\"><li>Identidad: ESTUDI GRAF, SA<\/li><li>NIF: A17164807<\/li><li>Direcci\u00f3n: C\/Tarragona, n\u00ba 80 (Pol\u00edg. Ind. Casa Nova) &#8211; 17181 Aiguaviva (Girona)<\/li><li>Tel\u00e9fono: 900 104 506<\/li><li>Email: <a href=\"mailto:info@luxospackaging.com\">info@luxospackaging.com<\/a><\/li><\/ul>\n\n\n\n<p><strong>Procedencia de los datos y finalidades del\ntratamiento<\/strong><\/p>\n\n\n\n<p>Cuando un\nusuario se conecta en esta web (www.luxospackaging.com), est\u00e1\nfacilitando informaci\u00f3n de car\u00e1cter personal de la que es responsable ESTUDI\nGRAF, SA. Esta informaci\u00f3n puede incluir datos de car\u00e1cter personal como pueden\nser tu direcci\u00f3n IP, nombre, direcci\u00f3n f\u00edsica, direcci\u00f3n de correo electr\u00f3nico,\nn\u00famero de tel\u00e9fono y otra informaci\u00f3n. Al facilitar esta informaci\u00f3n, el\nusuario da su consentimiento para que su informaci\u00f3n sea recopilada, utilizada,\ngestionada y almacenada por ESTUDI GRAF, SA s\u00f3lo como se describe en el Aviso\nLegal y en la presente Pol\u00edtica de Privacidad.<\/p>\n\n\n\n<p>En ESTUDI GRAF, SA existen diferentes sistemas de captura de informaci\u00f3n personal y tratamos la informaci\u00f3n que nos facilitan las personas interesadas con el siguiente fin por cada sistema de captura (formularios):<\/p>\n\n\n\n<p><strong>Formulario\nde contacto:<\/strong> Los datos personales solicitados son: &nbsp;nombre,\ntel\u00e9fono, email y comentario. Estos datos son utilizados&nbsp;para responder a\nla solicitud y dar respuesta a las dudas, quejas, comentarios o inquietudes que\npuedan tener los usuarios relativas a la informaci\u00f3n incluida en la web. Como,\npor ejemplo, sobre los servicios que se prestan a trav\u00e9s de la web, el\ntratamiento de sus datos personales, cuestiones referentes a los textos legales\nincluidos en la web, as\u00ed como cualesquiera otras consultas que pueda tener y\nque no est\u00e9n sujetas a las condiciones de contrataci\u00f3n. Los datos facilitados\nest\u00e1n ubicados en los servidores de GRN Serveis Telem\u00e0tics SL, dentro de la UE.<\/p>\n\n\n\n<p><strong>Formulario\nde suscripci\u00f3n a contenidos: <\/strong>Los datos solicitados son:\nnombre y email. Estos datos son utilizados para gestionar la lista de\nsuscripciones, enviar boletines, promociones y ofertas especiales, y est\u00e1n\nubicados en los servidores de Mailchimp, nuestro proveedor de servicios\nde marketing por correo electr\u00f3nico. Mailchimp tiene sus servidores alojados\nfuera de la UE, en EEUU, y est\u00e1 acogido al acuerdo EU-US Privacy Shield, cuya informaci\u00f3n est\u00e1\ndisponible \u201c<a href=\"https:\/\/www.privacyshield.gov\/list\" target=\"_blank\" rel=\"noreferrer noopener\">aqu\u00ed<\/a>\u201d<strong><sup>\n<a href=\"#_ftn1\"><strong><sup>[1]<\/sup><\/strong><\/a><\/sup><\/strong>, aprobado\npor el Comit\u00e9 Europeo de Protecci\u00f3n.<\/p>\n\n\n\n<p><strong>Formulario\nde registro en la web:<\/strong> Para utilizar la tienda de www.luxospackaging.com, el usuario\npuede registrarse durante el proceso de compra o hacerlo a trav\u00e9s de un\nformulario de registro. En este caso, solicitamos los siguientes datos\npersonales: nombre y apellidos, empresa, email, DNI o NIF, tel\u00e9fono, direcci\u00f3n\ncompleta y contrase\u00f1a para tu nuevo usuario. Los datos facilitados est\u00e1n\nubicados en los servidores de GRN Serveis Telem\u00e0tics, SL, dentro de la UE.<br><\/p>\n\n\n\n<hr class=\"wp-block-separator\"\/>\n\n\n\n<p><strong>Otras\nfinalidades:<\/strong><\/p>\n\n\n\n<ul class=\"wp-block-list\"><li>Garantizar el cumplimiento de las condiciones de uso y\nla ley aplicable. Esto puede incluir el desarrollo de herramientas y algoritmos\nque ayudan a esta web a garantizar la confidencialidad de los datos personales\nque recoge.<\/li><li>Apoyar y mejorar los servicios que ofrece esta web.<\/li><li>Se recogen otros datos no identificativos que se\nobtienen mediante algunas cookies que se descargan en el ordenador del usuario\ncuando navega en esta web. El usuario puede consultar en cualquier\nmomento la pol\u00edtica de cookies para ampliar informaci\u00f3n sobre el uso de cookies\ny como desactivarlas. M\u00e1s informaci\u00f3n:&nbsp;\u201cPol\u00edtica de cookies\u201d.<\/li><li>Gestionar las redes sociales: ESTUDI GRAF, SA puede tener\npresencia en redes sociales. El tratamiento de los datos que se lleve a\ncabo de las personas que se hagan seguidoras en las redes sociales de nuestra\np\u00e1gina web se regir\u00e1 por este apartado. As\u00ed como por aquellas condiciones de\nuso, pol\u00edticas de privacidad y normativas de acceso que pertenezcan a la red\nsocial que proceda en cada caso y aceptadas previamente por el usuario. En\nning\u00fan caso utilizaremos los perfiles de seguidores en redes sociales para enviar\npublicidad de manera individual. <\/li><\/ul>\n\n\n\n<p>Por lo tanto, las categor\u00edas de datos que se\ntratan son \u00fanicamente datos identificativos, excepto en el caso que el usuario\nenv\u00ede su curr\u00edculum. En este \u00faltimo caso, tambi\u00e9n trataremos con datos\nacad\u00e9micos, profesionales y personales. Pero, en ning\u00fan caso tratamos con\ncategor\u00edas de datos especialmente protegidos.<\/p>\n\n\n\n<p><strong>Legitimaci\u00f3n<\/strong><\/p>\n\n\n\n<p>La\nbase legal para el tratamiento de los datos es el consentimiento de las\npersonas interesadas para la tramitaci\u00f3n y gesti\u00f3n de cualquier solicitud de\ninformaci\u00f3n o consulta sobre nuestros servicios profesionales, as\u00ed como para el\nenv\u00edo de comunicaciones comerciales llevadas a cabo <a>por\nESTUDI GRAF, SA.<\/a><\/p>\n\n\n\n<p><strong>Destinatarios<\/strong><\/p>\n\n\n\n<p>Para prestar servicios estrictamente necesarios para\nel desarrollo de la&nbsp;actividad, compartimos datos con los siguientes\nprestadores bajo sus correspondientes condiciones de privacidad:<\/p>\n\n\n\n<ul class=\"wp-block-list\"><li><strong>Hosting<\/strong>: GRN Serveis Telem\u00e0tics, SL, con domicilio en Espa\u00f1a,\ntrata los datos con la finalidad de realizar los servicios de hosting a ESTUDI\nGRAF, SA. Para m\u00e1s informaci\u00f3n, puede consultar a http:\/\/grn.cat\/header\/politica-de-privacidad\/?lang=es.<\/li><li><strong>Plataforma web<\/strong>: PrestaShop trata los datos con la\nfinalidad de realizar sus servicios de soporte a nuestra p\u00e1gina web. Para m\u00e1s\ninformaci\u00f3n, puede consultar a https:\/\/www.prestashop.com\/<\/li><li><strong>Servicios de Mensajer\u00eda y env\u00edo de boletines:<\/strong> The\nRocket Science Group, LLC (Identificada por la marca comercial \u201cMailChimp\u201d),\ncon domicilio en EEUU, nos proporciona los servicios de creaci\u00f3n de campa\u00f1as de\nmail marketing, gesti\u00f3n de suscripciones y env\u00edo de boletines. MailChimp est\u00e1\nacogido al acuerdo EU-US Privacy Shield, cuya informaci\u00f3n est\u00e1 disponible \u201c<a href=\"https:\/\/www.privacyshield.gov\/list\" target=\"_blank\" rel=\"noreferrer noopener\">aqu\u00ed<\/a>\u201d<strong><sup>\n<a href=\"#_ftn2\"><strong><sup>[2]<\/sup><\/strong><\/a><\/sup><\/strong>,, aprobado\npor el Comit\u00e9 Europeo de Protecci\u00f3n. Se puede consultar la\npol\u00edtica de privacidad y dem\u00e1s aspectos legales de dicha compa\u00f1\u00eda en el\nsiguiente enlace:&nbsp;&nbsp;<a href=\"http:\/\/mailchimp.com\/legal\/\" target=\"_blank\" rel=\"noreferrer noopener\">http:\/\/mailchimp.com\/legal\/<\/a><\/li><\/ul>\n\n\n\n<p>Por lo\ntanto, el usuario es consciente y acepta que sus datos personales ser\u00e1n\nalmacenados por MailChimp, para la suscripci\u00f3n y el env\u00edo de boletines\nelectr\u00f3nicos.<\/p>\n\n\n\n<ul class=\"wp-block-list\"><li><strong>Servicio de an\u00e1lisis: <\/strong>Google Analyticses un servicio anal\u00edtico de web prestado por Google, cuya oficina principal se encuentra en EEUU. Google Analytics utiliza <a href=\"http:\/\/luxospackaging.com\/blog\/politica-de-cookies\/\">cookies<\/a>, que son archivos de texto ubicados en tu ordenador, para ayudar a www.luxospackaging.com analizar el uso que hacen los usuarios del sitio web. La informaci\u00f3n que genera la cookie acerca de su uso de <a href=\"http:\/\/www.luxospackaging.com\">www.luxospackaging.com<\/a> (incluyendo su direcci\u00f3n IP) ser\u00e1 directamente transmitida y archivada por Google en los servidores de Estados Unidos.<\/li><\/ul>\n\n\n\n<p><strong>Per\u00edodo tiempo almacenados<\/strong><\/p>\n\n\n\n<p>Los\ndatos personales proporcionados ser\u00e1n conservados durante el tiempo necesario\npara la realizaci\u00f3n de las actividades anteriormente detallada y no se solicite\nsu supresi\u00f3n por parte del interesado.<\/p>\n\n\n\n<p><strong>Derechos<\/strong><\/p>\n\n\n\n<p>Estos derechos son esenciales en protecci\u00f3n de datos\nporque le permiten decidir sobre su propia informaci\u00f3n. Como&nbsp;usuario,\npodr\u00e1 dirigir sus comunicaciones y ejercitar sus derechos siguiendo las\nformalidades impuestas por la&nbsp;Ley Org\u00e1nica 15\/1999, de 13 de diciembre, de\nProtecci\u00f3n de Datos de Car\u00e1cter Personal y su Reglamento de Desarrollo.<\/p>\n\n\n\n<p>Cualquier persona tiene derecho a obtener confirmaci\u00f3n\nsobre si en www.luxospackaging.com se tratan datos personales que le conciernen, o no.<\/p>\n\n\n\n<p>Las personas interesadas tienen derecho a:<\/p>\n\n\n\n<ul class=\"wp-block-list\"><li>Solicitar el acceso a los datos personales relativos\nal interesado<\/li><li>Solicitar su rectificaci\u00f3n o supresi\u00f3n<\/li><li>Solicitar la limitaci\u00f3n de su tratamiento<\/li><li>Oponerse al tratamiento &nbsp;<\/li><li>Solicitar la portabilidad de los datos<\/li><\/ul>\n\n\n\n<p>Los interesados podr\u00e1n <strong>acceder<\/strong> a sus datos\npersonales, as\u00ed como a solicitar la <strong>rectificaci\u00f3n<\/strong> de los datos inexactos\no, en su caso, solicitar su <strong>supresi\u00f3n<\/strong> cuando, entre otros motivos, los\ndatos ya no sean necesarios para los fines que fueron recogidos.<\/p>\n\n\n\n<p>En determinadas circunstancias, los interesados podr\u00e1n\nsolicitar la <strong>limitaci\u00f3n<\/strong> del tratamiento de sus datos, en cuyo caso\n\u00fanicamente los conservaremos para el ejercicio o la defensa de reclamaciones.<\/p>\n\n\n\n<p>En determinadas circunstancias y por motivos\nrelacionados con su situaci\u00f3n particular, los interesados podr\u00e1n <strong>oponerse<\/strong>\nal tratamiento de sus datos. ESTUDI GRAF, SA dejar\u00e1 de tratar los datos, salvo\npor motivos leg\u00edtimos imperiosos, o el ejercicio o la defensa de posibles\nreclamaciones. <\/p>\n\n\n\n<p>Tambi\u00e9n podr\u00e1n solicitar la <strong>portabilidad<\/strong>\nde sus datos cuando sea t\u00e9cnicamente posible que los datos personales se\ntransmitan directamente de responsable a responsable.<\/p>\n\n\n\n<p>Los interesados tambi\u00e9n tendr\u00e1n derecho a la tutela judicial\nefectiva y a presentar una reclamaci\u00f3n ante la autoridad de control, en este\ncaso, la Agencia Espa\u00f1ola de Protecci\u00f3n de Datos, si consideran que el\ntratamiento de datos personales que le conciernen infringe el Reglamento.<\/p>\n\n\n\n<p>Podr\u00e1&nbsp;ejercitar estos derechos a trav\u00e9s de\nnuestro correo electr\u00f3nico <a href=\"mailto:info@luxospackaging.com\">info@luxospackaging.com<\/a>, juntamente\ncon la fotocopia de su DNI.<\/p>\n\n\n\n<p><strong>Secreto y\nseguridad de los datos<\/strong><\/p>\n\n\n\n<p>ESTUDI GRAF,\nSA se compromete en el uso y tratamiento de los datos incluidos personales de\nlos usuarios, respetando su confidencialidad y a utilizarlos de acuerdo con la\nfinalidad del mismo, as\u00ed como a dar cumplimiento a su obligaci\u00f3n de guardarlos\ny adaptar todas las medidas para evitar la alteraci\u00f3n, p\u00e9rdida, tratamiento o\nacceso no autorizado, de conformidad con lo establecido en la normativa vigente\nde protecci\u00f3n de datos.<\/p>\n\n\n\n<p>ESTUDI GRAF,\nSA no puede garantizar la absoluta inexpugnabilidad de la red Internet y por\ntanto la violaci\u00f3n de los datos mediante accesos fraudulentos a ellos por parte\nde terceros.<\/p>\n\n\n\n<p><strong>Exactitud y\nveracidad de los datos<\/strong><\/p>\n\n\n\n<p>El usuario garantiza que los datos\npersonales facilitados a trav\u00e9s de los diferentes formularios son veraces,\nquedando obligado a comunicar cualquier modificaci\u00f3n de los mismos. Igualmente,\nel usuario garantiza que toda la informaci\u00f3n facilitada corresponde con su\nsituaci\u00f3n real, que est\u00e1 puesta al d\u00eda y es exacta. Adem\u00e1s, el usuario se\nobliga a mantener en todo momento sus datos actualizados, siendo el \u00fanico\nresponsable de la inexactitud o falsedad de los datos facilitados y de los\nperjuicios que pueda causar por ello a ESTUDI GRAF, SA como titular de la web www.luxospackaging.com<strong><\/strong><\/p>\n\n\n\n<p><strong>Aceptaci\u00f3n y consentimiento<\/strong><\/p>\n\n\n\n<p>El usuario\ndeclara haber sido informado de las condiciones sobre protecci\u00f3n de datos de\ncar\u00e1cter personal, aceptando y consintiendo el tratamiento de los mismos por\nparte de ESTUDI GRAF, SA en la forma y para las finalidades indicadas en esta\npol\u00edtica de privacidad.<\/p>\n\n\n\n<p><strong>Revocabilidad<\/strong><\/p>\n\n\n\n<p>El consentimiento prestado, tanto para el tratamiento\ncomo para la cesi\u00f3n de los datos de los interesados, es revocable en cualquier\nmomento comunic\u00e1ndolo a ESTUDI GRAF, SA en los t\u00e9rminos establecidos en esta\nPol\u00edtica para el ejercicio de los derechos comentados anteriormente. Esta\nrevocaci\u00f3n en ning\u00fan caso tendr\u00e1 car\u00e1cter retroactivo.<\/p>\n\n\n\n<p><strong>Cambios en la Presente Pol\u00edtica de Privacidad<\/strong><\/p>\n\n\n\n<p>ESTUDI GRAF, SA se reserva el derecho a modificar la presente pol\u00edtica para adaptarla a novedades legislativas o jurisprudenciales, as\u00ed como a pr\u00e1cticas de la industria. \u00daltima actualizaci\u00f3n: 03\/01\/2022<\/p>\n\n\n\n<p><strong>Correos Comerciales<\/strong><\/p>\n\n\n\n<p>De acuerdo con la LSSICE, ESTUDI GRAF, SA no realiza\npr\u00e1cticas de SPAM, por lo que no env\u00eda correos comerciales por v\u00eda electr\u00f3nica\nque no hayan sido previamente solicitados o autorizados por el usuario. En consecuencia, en todas las comunicaciones que recibir\u00e1 del\nprestador, el usuario tiene la posibilidad de cancelar su consentimiento\nexpreso para recibir nuestras comunicaciones.<\/p>\n\n\n\n<p>Gracias por el tiempo dedicado en leer nuestra\npol\u00edtica de privacidad.<br><\/p>\n\n\n\n<hr class=\"wp-block-separator\"\/>\n","protected":false},"excerpt":{"rendered":"<p>La privacidad de sus datos es muy importante para nosotros. En esta declaraci\u00f3n de privacidad se explica qu\u00e9 datos personales recopilamos de nuestros usuarios y c\u00f3mo los utilizamos. Le invitamos a leer detenidamente estos t\u00e9rminos antes de facilitar sus datos&#8230;<\/p>\n","protected":false},"author":1,"featured_media":0,"parent":0,"menu_order":0,"comment_status":"closed","ping_status":"closed","template":"","meta":{"footnotes":""},"class_list":["post-533","page","type-page","status-publish","hentry"],"yoast_head":"<!-- This site is optimized with the Yoast SEO plugin v27.4 - https:\/\/yoast.com\/product\/yoast-seo-wordpress\/ -->\n<title>POL\u00cdTICA DE PRIVACIDAD - Blog Luxos Packaging<\/title>\n<meta name=\"robots\" content=\"index, follow, max-snippet:-1, max-image-preview:large, max-video-preview:-1\" \/>\n<link rel=\"canonical\" href=\"https:\/\/luxospackaging.com\/blog\/politica-de-privacidad\/\" \/>\n<meta property=\"og:locale\" content=\"es_ES\" \/>\n<meta property=\"og:type\" content=\"article\" \/>\n<meta property=\"og:title\" content=\"POL\u00cdTICA DE PRIVACIDAD - Blog Luxos Packaging\" \/>\n<meta property=\"og:description\" content=\"La privacidad de sus datos es muy importante para nosotros. En esta declaraci\u00f3n de privacidad se explica qu\u00e9 datos personales recopilamos de nuestros usuarios y c\u00f3mo los utilizamos. Le invitamos a leer detenidamente estos t\u00e9rminos antes de facilitar sus datos...\" \/>\n<meta property=\"og:url\" content=\"https:\/\/luxospackaging.com\/blog\/politica-de-privacidad\/\" \/>\n<meta property=\"og:site_name\" content=\"Blog Luxos Packaging\" \/>\n<meta property=\"article:modified_time\" content=\"2022-01-03T09:18:16+00:00\" \/>\n<meta name=\"twitter:label1\" content=\"Tiempo de lectura\" \/>\n\t<meta name=\"twitter:data1\" content=\"11 minutos\" \/>\n<script type=\"application\/ld+json\" class=\"yoast-schema-graph\">{\"@context\":\"https:\\\/\\\/schema.org\",\"@graph\":[{\"@type\":\"WebPage\",\"@id\":\"https:\\\/\\\/luxospackaging.com\\\/blog\\\/politica-de-privacidad\\\/\",\"url\":\"https:\\\/\\\/luxospackaging.com\\\/blog\\\/politica-de-privacidad\\\/\",\"name\":\"POL\u00cdTICA DE PRIVACIDAD - Blog Luxos Packaging\",\"isPartOf\":{\"@id\":\"https:\\\/\\\/luxospackaging.com\\\/blog\\\/#website\"},\"datePublished\":\"2020-02-10T15:32:17+00:00\",\"dateModified\":\"2022-01-03T09:18:16+00:00\",\"inLanguage\":\"es\",\"potentialAction\":[{\"@type\":\"ReadAction\",\"target\":[\"https:\\\/\\\/luxospackaging.com\\\/blog\\\/politica-de-privacidad\\\/\"]}]},{\"@type\":\"WebSite\",\"@id\":\"https:\\\/\\\/luxospackaging.com\\\/blog\\\/#website\",\"url\":\"https:\\\/\\\/luxospackaging.com\\\/blog\\\/\",\"name\":\"Blog Luxos Packaging\",\"description\":\"Bienvenidos a nuestro blog\",\"potentialAction\":[{\"@type\":\"SearchAction\",\"target\":{\"@type\":\"EntryPoint\",\"urlTemplate\":\"https:\\\/\\\/luxospackaging.com\\\/blog\\\/?s={search_term_string}\"},\"query-input\":{\"@type\":\"PropertyValueSpecification\",\"valueRequired\":true,\"valueName\":\"search_term_string\"}}],\"inLanguage\":\"es\"}]}<\/script>\n<!-- \/ Yoast SEO plugin. -->","yoast_head_json":{"title":"POL\u00cdTICA DE PRIVACIDAD - Blog Luxos Packaging","robots":{"index":"index","follow":"follow","max-snippet":"max-snippet:-1","max-image-preview":"max-image-preview:large","max-video-preview":"max-video-preview:-1"},"canonical":"https:\/\/luxospackaging.com\/blog\/politica-de-privacidad\/","og_locale":"es_ES","og_type":"article","og_title":"POL\u00cdTICA DE PRIVACIDAD - Blog Luxos Packaging","og_description":"La privacidad de sus datos es muy importante para nosotros. En esta declaraci\u00f3n de privacidad se explica qu\u00e9 datos personales recopilamos de nuestros usuarios y c\u00f3mo los utilizamos. Le invitamos a leer detenidamente estos t\u00e9rminos antes de facilitar sus datos...","og_url":"https:\/\/luxospackaging.com\/blog\/politica-de-privacidad\/","og_site_name":"Blog Luxos Packaging","article_modified_time":"2022-01-03T09:18:16+00:00","twitter_misc":{"Tiempo de lectura":"11 minutos"},"schema":{"@context":"https:\/\/schema.org","@graph":[{"@type":"WebPage","@id":"https:\/\/luxospackaging.com\/blog\/politica-de-privacidad\/","url":"https:\/\/luxospackaging.com\/blog\/politica-de-privacidad\/","name":"POL\u00cdTICA DE PRIVACIDAD - Blog Luxos Packaging","isPartOf":{"@id":"https:\/\/luxospackaging.com\/blog\/#website"},"datePublished":"2020-02-10T15:32:17+00:00","dateModified":"2022-01-03T09:18:16+00:00","inLanguage":"es","potentialAction":[{"@type":"ReadAction","target":["https:\/\/luxospackaging.com\/blog\/politica-de-privacidad\/"]}]},{"@type":"WebSite","@id":"https:\/\/luxospackaging.com\/blog\/#website","url":"https:\/\/luxospackaging.com\/blog\/","name":"Blog Luxos Packaging","description":"Bienvenidos a nuestro blog","potentialAction":[{"@type":"SearchAction","target":{"@type":"EntryPoint","urlTemplate":"https:\/\/luxospackaging.com\/blog\/?s={search_term_string}"},"query-input":{"@type":"PropertyValueSpecification","valueRequired":true,"valueName":"search_term_string"}}],"inLanguage":"es"}]}},"_links":{"self":[{"href":"https:\/\/luxospackaging.com\/blog\/wp-json\/wp\/v2\/pages\/533","targetHints":{"allow":["GET"]}}],"collection":[{"href":"https:\/\/luxospackaging.com\/blog\/wp-json\/wp\/v2\/pages"}],"about":[{"href":"https:\/\/luxospackaging.com\/blog\/wp-json\/wp\/v2\/types\/page"}],"author":[{"embeddable":true,"href":"https:\/\/luxospackaging.com\/blog\/wp-json\/wp\/v2\/users\/1"}],"replies":[{"embeddable":true,"href":"https:\/\/luxospackaging.com\/blog\/wp-json\/wp\/v2\/comments?post=533"}],"version-history":[{"count":4,"href":"https:\/\/luxospackaging.com\/blog\/wp-json\/wp\/v2\/pages\/533\/revisions"}],"predecessor-version":[{"id":774,"href":"https:\/\/luxospackaging.com\/blog\/wp-json\/wp\/v2\/pages\/533\/revisions\/774"}],"wp:attachment":[{"href":"https:\/\/luxospackaging.com\/blog\/wp-json\/wp\/v2\/media?parent=533"}],"curies":[{"name":"wp","href":"https:\/\/api.w.org\/{rel}","templated":true}]}}