{"id":530,"date":"2020-02-10T15:29:27","date_gmt":"2020-02-10T15:29:27","guid":{"rendered":"http:\/\/luxospackaging.com\/blog\/?page_id=530"},"modified":"2020-02-10T15:29:27","modified_gmt":"2020-02-10T15:29:27","slug":"aviso-legal","status":"publish","type":"page","link":"https:\/\/luxospackaging.com\/blog\/aviso-legal\/","title":{"rendered":"AVISO LEGAL"},"content":{"rendered":"\n<p>ESTUDI\nGRAF, S.A, con NIF \u2013 A17164807, C\/ Tarragona 80, Pol\u00edgono Industrial Casa Nova,\n17181 Aiguaviva (Girona) e&nbsp;inscrita en el Registro Mercantil de Girona,\nTomo 693, Libro 578, Sec. 3a, folio 22, hoja 10.048, Ins. 1\u00aa, no puede asumir\nninguna responsabilidad derivada del uso incorrecto, inapropiado o il\u00edcito de\nla informaci\u00f3n aparecida en las p\u00e1ginas de Internet de www.luxospackaging.com. <\/p>\n\n\n\n<p>El usuario\nresponder\u00e1 de los da\u00f1os y perjuicios que ESTUDI GRAF, SA pueda sufrir como\nconsecuencia del incumplimiento, por parte del usuario, de las recomendaciones\nindicadas relativa al uso de la web.<\/p>\n\n\n\n<p>Con los l\u00edmites establecidos\nen la ley, www.luxospackaging.com no asume ninguna responsabilidad derivada de\nla falta de veracidad, integridad, actualizaci\u00f3n y precisi\u00f3n de los datos o\ninformaciones que se contienen en sus p\u00e1ginas de Internet.<\/p>\n\n\n\n<p>Las p\u00e1ginas de Internet de www.luxospackaging.com\npueden contener enlaces (links) a otras p\u00e1ginas de terceras partes que www.luxospackaging.com\nno puede controlar. O tambi\u00e9n puede ser el caso que esta p\u00e1gina sea el destino\ndel enlace introducido en otra p\u00e1gina sin que exista ninguna relaci\u00f3n entre\nellas. Por lo tanto, www.luxospackaging.com no puede asumir responsabilidades\npor el contenido que pueda aparecer en p\u00e1ginas de terceros.<\/p>\n\n\n\n<p>ESTUDI GRAF,\nSA no se hace responsable de los da\u00f1os y perjuicios directos o indirectos,\nincluidos da\u00f1os a sistemas inform\u00e1ticos e introducci\u00f3n de virus existentes en\nla red, derivados de la navegaci\u00f3n por Internet necesaria para el uso de este\nsitio web. Tampoco garantiza la continuidad del funcionamiento del sitio web al\nigual que el mismo se encuentre en todo momento operativo y disponible.<\/p>\n\n\n\n<p>Los textos, im\u00e1genes, sonidos,\nanimaciones, software y el resto de contenidos incluidos en este website son\npropiedad exclusiva de www.luxospackaging.com o sus licenciantes. Cualquier\nacto de transmisi\u00f3n, distribuci\u00f3n, cesi\u00f3n, reproducci\u00f3n, almacenamiento o\ncomunicaci\u00f3n p\u00fablica total o parcial, debe contar con el consentimiento expreso\nde www.luxospackaging.com.<\/p>\n\n\n\n<p>Asimismo, para acceder a\nalgunos de los servicios que www.luxospackaging.com ofrece a trav\u00e9s del website\ndeber\u00e1 proporcionar algunos datos de car\u00e1cter personal. En cumplimiento de lo\nestablecido en el Reglamento(UE) 2016\/679 del Parlamento Europeo y del Consejo,\nde 27 de abril de 2016, relativo a la protecci\u00f3n de las personas f\u00edsicas en lo\nque respecta al tratamiento de datos personales y a la libre circulaci\u00f3n de\nestos datos le informamos que, mediante la cumplimentaci\u00f3n de los presentes\nformularios, sus datos personales quedar\u00e1n incorporados y ser\u00e1n tratados en los\nficheros de www.luxospackaging.com con el fin de poderle prestar y ofrecer\nnuestros servicios as\u00ed como para informarle de las mejoras del sitio Web.\nAsimismo, le informamos de la posibilidad de que ejerza los derechos de acceso, rectificaci\u00f3n, supresi\u00f3n, limitaci\u00f3n,\nportabilidad y oposici\u00f3n, de sus datos de car\u00e1cter personal, dirigiendo su petici\u00f3n al correo\nelectr\u00f3nico: <a href=\"mailto:info@luxospackaging.com\">info@luxospackaging.com<\/a><\/p>\n","protected":false},"excerpt":{"rendered":"<p>ESTUDI GRAF, S.A, con NIF \u2013 A17164807, C\/ Tarragona 80, Pol\u00edgono Industrial Casa Nova, 17181 Aiguaviva (Girona) e&nbsp;inscrita en el Registro Mercantil de Girona, Tomo 693, Libro 578, Sec. 3a, folio 22, hoja 10.048, Ins. 1\u00aa, no puede asumir ninguna&#8230;<\/p>\n","protected":false},"author":1,"featured_media":0,"parent":0,"menu_order":0,"comment_status":"closed","ping_status":"closed","template":"","meta":{"footnotes":""},"class_list":["post-530","page","type-page","status-publish","hentry"],"yoast_head":"<!-- This site is optimized with the Yoast SEO plugin v27.4 - https:\/\/yoast.com\/product\/yoast-seo-wordpress\/ -->\n<title>AVISO LEGAL - Blog Luxos Packaging<\/title>\n<meta name=\"robots\" content=\"index, follow, max-snippet:-1, max-image-preview:large, max-video-preview:-1\" \/>\n<link rel=\"canonical\" href=\"https:\/\/luxospackaging.com\/blog\/aviso-legal\/\" \/>\n<meta property=\"og:locale\" content=\"es_ES\" \/>\n<meta property=\"og:type\" content=\"article\" \/>\n<meta property=\"og:title\" content=\"AVISO LEGAL - Blog Luxos Packaging\" \/>\n<meta property=\"og:description\" content=\"ESTUDI GRAF, S.A, con NIF \u2013 A17164807, C\/ Tarragona 80, Pol\u00edgono Industrial Casa Nova, 17181 Aiguaviva (Girona) e&nbsp;inscrita en el Registro Mercantil de Girona, Tomo 693, Libro 578, Sec. 3a, folio 22, hoja 10.048, Ins. 1\u00aa, no puede asumir ninguna...\" \/>\n<meta property=\"og:url\" content=\"https:\/\/luxospackaging.com\/blog\/aviso-legal\/\" \/>\n<meta property=\"og:site_name\" content=\"Blog Luxos Packaging\" \/>\n<meta name=\"twitter:label1\" content=\"Tiempo de lectura\" \/>\n\t<meta name=\"twitter:data1\" content=\"2 minutos\" \/>\n<script type=\"application\/ld+json\" class=\"yoast-schema-graph\">{\"@context\":\"https:\\\/\\\/schema.org\",\"@graph\":[{\"@type\":\"WebPage\",\"@id\":\"https:\\\/\\\/luxospackaging.com\\\/blog\\\/aviso-legal\\\/\",\"url\":\"https:\\\/\\\/luxospackaging.com\\\/blog\\\/aviso-legal\\\/\",\"name\":\"AVISO LEGAL - Blog Luxos Packaging\",\"isPartOf\":{\"@id\":\"https:\\\/\\\/luxospackaging.com\\\/blog\\\/#website\"},\"datePublished\":\"2020-02-10T15:29:27+00:00\",\"inLanguage\":\"es\",\"potentialAction\":[{\"@type\":\"ReadAction\",\"target\":[\"https:\\\/\\\/luxospackaging.com\\\/blog\\\/aviso-legal\\\/\"]}]},{\"@type\":\"WebSite\",\"@id\":\"https:\\\/\\\/luxospackaging.com\\\/blog\\\/#website\",\"url\":\"https:\\\/\\\/luxospackaging.com\\\/blog\\\/\",\"name\":\"Blog Luxos Packaging\",\"description\":\"Bienvenidos a nuestro blog\",\"potentialAction\":[{\"@type\":\"SearchAction\",\"target\":{\"@type\":\"EntryPoint\",\"urlTemplate\":\"https:\\\/\\\/luxospackaging.com\\\/blog\\\/?s={search_term_string}\"},\"query-input\":{\"@type\":\"PropertyValueSpecification\",\"valueRequired\":true,\"valueName\":\"search_term_string\"}}],\"inLanguage\":\"es\"}]}<\/script>\n<!-- \/ Yoast SEO plugin. -->","yoast_head_json":{"title":"AVISO LEGAL - Blog Luxos Packaging","robots":{"index":"index","follow":"follow","max-snippet":"max-snippet:-1","max-image-preview":"max-image-preview:large","max-video-preview":"max-video-preview:-1"},"canonical":"https:\/\/luxospackaging.com\/blog\/aviso-legal\/","og_locale":"es_ES","og_type":"article","og_title":"AVISO LEGAL - Blog Luxos Packaging","og_description":"ESTUDI GRAF, S.A, con NIF \u2013 A17164807, C\/ Tarragona 80, Pol\u00edgono Industrial Casa Nova, 17181 Aiguaviva (Girona) e&nbsp;inscrita en el Registro Mercantil de Girona, Tomo 693, Libro 578, Sec. 3a, folio 22, hoja 10.048, Ins. 1\u00aa, no puede asumir ninguna...","og_url":"https:\/\/luxospackaging.com\/blog\/aviso-legal\/","og_site_name":"Blog Luxos Packaging","twitter_misc":{"Tiempo de lectura":"2 minutos"},"schema":{"@context":"https:\/\/schema.org","@graph":[{"@type":"WebPage","@id":"https:\/\/luxospackaging.com\/blog\/aviso-legal\/","url":"https:\/\/luxospackaging.com\/blog\/aviso-legal\/","name":"AVISO LEGAL - Blog Luxos Packaging","isPartOf":{"@id":"https:\/\/luxospackaging.com\/blog\/#website"},"datePublished":"2020-02-10T15:29:27+00:00","inLanguage":"es","potentialAction":[{"@type":"ReadAction","target":["https:\/\/luxospackaging.com\/blog\/aviso-legal\/"]}]},{"@type":"WebSite","@id":"https:\/\/luxospackaging.com\/blog\/#website","url":"https:\/\/luxospackaging.com\/blog\/","name":"Blog Luxos Packaging","description":"Bienvenidos a nuestro blog","potentialAction":[{"@type":"SearchAction","target":{"@type":"EntryPoint","urlTemplate":"https:\/\/luxospackaging.com\/blog\/?s={search_term_string}"},"query-input":{"@type":"PropertyValueSpecification","valueRequired":true,"valueName":"search_term_string"}}],"inLanguage":"es"}]}},"_links":{"self":[{"href":"https:\/\/luxospackaging.com\/blog\/wp-json\/wp\/v2\/pages\/530","targetHints":{"allow":["GET"]}}],"collection":[{"href":"https:\/\/luxospackaging.com\/blog\/wp-json\/wp\/v2\/pages"}],"about":[{"href":"https:\/\/luxospackaging.com\/blog\/wp-json\/wp\/v2\/types\/page"}],"author":[{"embeddable":true,"href":"https:\/\/luxospackaging.com\/blog\/wp-json\/wp\/v2\/users\/1"}],"replies":[{"embeddable":true,"href":"https:\/\/luxospackaging.com\/blog\/wp-json\/wp\/v2\/comments?post=530"}],"version-history":[{"count":1,"href":"https:\/\/luxospackaging.com\/blog\/wp-json\/wp\/v2\/pages\/530\/revisions"}],"predecessor-version":[{"id":531,"href":"https:\/\/luxospackaging.com\/blog\/wp-json\/wp\/v2\/pages\/530\/revisions\/531"}],"wp:attachment":[{"href":"https:\/\/luxospackaging.com\/blog\/wp-json\/wp\/v2\/media?parent=530"}],"curies":[{"name":"wp","href":"https:\/\/api.w.org\/{rel}","templated":true}]}}