{"id":520,"date":"2020-01-24T16:32:45","date_gmt":"2020-01-24T16:32:45","guid":{"rendered":"http:\/\/luxospackaging.com\/blog\/?page_id=520"},"modified":"2020-01-24T16:37:39","modified_gmt":"2020-01-24T16:37:39","slug":"politica-de-cookies","status":"publish","type":"page","link":"https:\/\/luxospackaging.com\/blog\/politica-de-cookies\/","title":{"rendered":"Pol\u00edtica de Cookies"},"content":{"rendered":"\n<p class=\"has-medium-font-size\"><strong>POL\u00cdTICA DE COOKIES LUXOS PACKAGING<\/strong><\/p>\n\n\n\n<p> LUXOS PACKAGING , SL informa acerca del uso de las cookies en su p\u00e1gina web  <a href=\"http:\/\/luxospackaging.com\/\">http:\/\/luxospackaging.com\/<\/a> <\/p>\n\n\n\n<h5 class=\"wp-block-heading\"><strong>\u00bfQu\u00e9 son las cookies?<\/strong><\/h5>\n\n\n\n<p>Las\ncookies son archivos que se pueden descargar en su equipo a trav\u00e9s de las\np\u00e1ginas web. Son herramientas que tienen un papel esencial para la prestaci\u00f3n\nde numerosos servicios de la sociedad de la informaci\u00f3n. Entre otros, permiten\na una p\u00e1gina web almacenar y recuperar informaci\u00f3n sobre los h\u00e1bitos de\nnavegaci\u00f3n de un usuario o de su equipo y, dependiendo de la informaci\u00f3n\nobtenida, se pueden utilizar para reconocer al usuario y mejorar el servicio\nofrecido.<\/p>\n\n\n\n<h5 class=\"wp-block-heading\"><strong>Tipos de cookies<\/strong><\/h5>\n\n\n\n<p>Seg\u00fan\nquien sea la entidad que gestione el dominio desde donde se env\u00edan las cookies\ny trate los datos que se obtengan se pueden distinguir dos tipos:<\/p>\n\n\n\n<ul class=\"wp-block-list\"><li><strong>Cookies propias:<\/strong> aquellas que se env\u00edan al equipo terminal del usuario desde un equipo o dominio gestionado por el propio editor y      desde el que se presta el servicio solicitado por el usuario.<\/li><li><strong>Cookies de terceros:<\/strong> aquellas que se env\u00edan al equipo terminal      del usuario desde un equipo o dominio que no es gestionado por el editor,      sino por otra entidad que trata los datos obtenidos trav\u00e9s de las cookies.<\/li><\/ul>\n\n\n\n<p>En el\ncaso de que las cookies sean instaladas desde un equipo o dominio gestionado\npor el propio editor pero la informaci\u00f3n que se recoja mediante \u00e9stas sea\ngestionada por un tercero, no pueden ser consideradas como cookies propias.<\/p>\n\n\n\n<p>Existe\ntambi\u00e9n una segunda clasificaci\u00f3n seg\u00fan el plazo de tiempo que permanecen\nalmacenadas en el navegador del cliente, pudiendo tratarse de:<\/p>\n\n\n\n<ul class=\"wp-block-list\"><li><strong>Cookies  de sesi\u00f3n:<\/strong> dise\u00f1adas para recabar y almacenar datos      mientras el usuario accede a una p\u00e1gina web. Se suelen emplear para      almacenar informaci\u00f3n que solo interesa conservar para la prestaci\u00f3n del servicio solicitado por el usuario en una sola ocasi\u00f3n (p.e. una lista de productos adquiridos)<\/li><li><strong>Cookies persistentes:<\/strong> los datos siguen almacenados en el      terminal y pueden ser accedidos y tratados durante un periodo definido por      el responsable de la cookie, y que puede ir de unos minutos a varios a\u00f1os.<\/li><\/ul>\n\n\n\n<p>Por\n\u00faltimo, existe otra clasificaci\u00f3n seg\u00fan la finalidad para la que se traten los\ndatos obtenidos:<\/p>\n\n\n\n<ul class=\"wp-block-list\"><li><strong>Cookies t\u00e9cnicas:<\/strong> aquellas que permiten al usuario la navegaci\u00f3n a trav\u00e9s de una p\u00e1gina web, plataforma o aplicaci\u00f3n y la utilizaci\u00f3n de las diferentes opciones o servicios que en ella existan como, por ejemplo, controlar el tr\u00e1fico y la comunicaci\u00f3n de datos, identificar la sesi\u00f3n, acceder a partes de acceso restringido, recordar los elementos que integran un pedido, realizar el proceso de compra de un      pedido, realizar la solicitud de inscripci\u00f3n o participaci\u00f3n en un evento, utilizar elementos de seguridad durante la navegaci\u00f3n, almacenar contenidos para la difusi\u00f3n de v\u00eddeos o sonido o compartir contenidos a trav\u00e9s de redes sociales.<\/li><li><strong>Cookies de personalizaci\u00f3n:<\/strong> permiten al usuario acceder al      servicio con algunas caracter\u00edsticas de car\u00e1cter general predefinidas en funci\u00f3n de una serie de criterios en el terminal del usuario como por ejemplo serian el idioma, el tipo de navegador a trav\u00e9s del cual accede al servicio, la configuraci\u00f3n regional desde donde accede al servicio, etc.<\/li><li><strong>Cookies de an\u00e1lisis:<\/strong> permiten al responsable de las mismas, el      seguimiento y an\u00e1lisis del comportamiento de los usuarios de los sitios      web a los que est\u00e1n vinculadas. La informaci\u00f3n recogida mediante este tipo de cookies se utiliza en la medici\u00f3n de la actividad de los sitios web, aplicaci\u00f3n o plataforma y para la elaboraci\u00f3n de perfiles de navegaci\u00f3n de los usuarios de dichos sitios, aplicaciones y plataformas, con el fin de introducir mejoras en funci\u00f3n del an\u00e1lisis de los datos de uso que hacen los usuarios del servicio.<\/li><li><strong>Cookies publicitarias:<\/strong> permiten la gesti\u00f3n, de la forma m\u00e1s eficaz posible, de los espacios publicitarios.<\/li><li><strong>Cookies de publicidad comportamental:<\/strong> almacenan informaci\u00f3n      del comportamiento de los usuarios obtenida a trav\u00e9s de la observaci\u00f3n continuada de sus h\u00e1bitos de navegaci\u00f3n, lo que permite desarrollar un perfil espec\u00edfico para mostrar publicidad en funci\u00f3n del mismo.<\/li><li><strong>Cookies de redes sociales externas:<\/strong> se utilizan para que los      visitantes puedan interactuar con el contenido de diferentes plataformas sociales (facebook, youtube, twitter, linkedIn, etc..) y que se generen \u00fanicamente para los usuarios de dichas redes sociales. Las condiciones de utilizaci\u00f3n de estas cookies y la informaci\u00f3n recopilada se regulan por la pol\u00edtica de privacidad de la plataforma social correspondiente.<\/li><\/ul>\n\n\n\n<h5 class=\"wp-block-heading\"><strong>Desactivaci\u00f3n y eliminaci\u00f3n de cookies<\/strong><\/h5>\n\n\n\n<p>Tiene\nla opci\u00f3n de permitir, bloquear o eliminar las cookies instaladas en su equipo\nmediante la configuraci\u00f3n de las opciones del navegador instalado en su equipo.\nAl desactivar cookies, algunos de los servicios disponibles podr\u00edan dejar de\nestar operativos. Para que entienda el alcance que puede tener desactivar las\ncookies le mostraremos unos ejemplos:<\/p>\n\n\n\n<ul class=\"wp-block-list\"><li>No podr\u00e1 compartir contenidos de esa web en\nFacebook, Twitter o cualquier otra red social.<\/li><li>El sitio web no podr\u00e1 adaptar los contenidos a\nsus preferencias personales, como suele ocurrir en las tiendas online.<\/li><li>No podr\u00e1 acceder al \u00e1rea personal de esa web,\ncomo por ejemplo Mi cuenta, o Mi perfil o Mis pedidos.<\/li><li>Tiendas online: Le ser\u00e1 imposible realizar\ncompras online, tendr\u00e1n que ser telef\u00f3nicas o visitando la tienda f\u00edsica si es\nque dispone de ella.<\/li><li>No ser\u00e1 posible personalizar sus preferencias\ngeogr\u00e1ficas como franja horaria, divisa o idioma.<\/li><li>El sitio web no podr\u00e1 realizar anal\u00edticas web\nsobre visitantes y tr\u00e1fico en la web, lo que dificultar\u00e1 que la web sea\ncompetitiva.<\/li><li>No podr\u00e1 escribir en el blog, no podr\u00e1 subir\nfotos, publicar comentarios, valorar o puntuar contenidos. La web tampoco podr\u00e1\nsaber si usted es un humano o una aplicaci\u00f3n automatizada que publica spam.<\/li><li>No se podr\u00e1 mostrar publicidad sectorizada, lo\nque reducir\u00e1 los ingresos publicitarios de la web.<\/li><li>Todas las redes sociales usan <em>cookies<\/em>, si las desactiva no podr\u00e1\nutilizar ninguna red social.<\/li><\/ul>\n\n\n\n<p>La\nforma de deshabilitar las cookies es diferente para cada navegador, pero\nnormalmente puede hacerse desde el men\u00fa Herramientas u Opciones. Tambi\u00e9n puede\nconsultarse el men\u00fa de Ayuda del navegador d\u00f3nde puedes encontrar\ninstrucciones. El usuario podr\u00e1 en cualquier momento elegir qu\u00e9 cookies quiere\nque funcionen en este sitio web.<\/p>\n\n\n\n<p>Puede\nusted permitir, bloquear o eliminar las cookies instaladas en su equipo\nmediante la configuraci\u00f3n de las opciones del navegador instalado en su\nordenador:<\/p>\n\n\n\n<ul class=\"wp-block-list\"><li>Microsoft Internet Explorer o Microsoft Edge: <a rel=\"noreferrer noopener\" href=\"http:\/\/windows.microsoft.com\/es-es\/windows-vista\/Block-or-allow-cookies\" target=\"_blank\">http:\/\/windows.microsoft.com\/es-es\/windows-vista\/Block-or-allow-cookies<\/a><\/li><li>Mozilla Firefox: <a rel=\"noreferrer noopener\" href=\"http:\/\/support.mozilla.org\/es\/kb\/impedir-que-los-sitios-web-guarden-sus-preferencia\" target=\"_blank\">http:\/\/support.mozilla.org\/es\/kb\/impedir-que-los-sitios-web-guarden-sus-preferencia<\/a><\/li><li>Chrome:  <a rel=\"noreferrer noopener\" href=\"https:\/\/support.google.com\/accounts\/answer\/61416?hl=es\" target=\"_blank\">https:\/\/support.google.com\/accounts\/answer\/61416?hl=es<\/a><\/li><li>Safari: <a rel=\"noreferrer noopener\" href=\"http:\/\/safari.helpmax.net\/es\/privacidad-y-seguridad\/como-gestionar-las-cookies\/\" target=\"_blank\">http:\/\/safari.helpmax.net\/es\/privacidad-y-seguridad\/como-gestionar-las-cookies\/<\/a><\/li><li>Opera: <a rel=\"noreferrer noopener\" href=\"http:\/\/help.opera.com\/Linux\/10.60\/es-ES\/cookies.html\" target=\"_blank\">http:\/\/help.opera.com\/Linux\/10.60\/es-ES\/cookies.html<\/a><\/li><\/ul>\n\n\n\n<p>Adem\u00e1s,\ntambi\u00e9n puede gestionar el almac\u00e9n de cookies en su navegador a trav\u00e9s de\nherramientas como las siguientes:<\/p>\n\n\n\n<ul class=\"wp-block-list\"><li>Ghostery: <a href=\"https:\/\/www.ghostery.com\/\">https:\/\/www.ghostery.com\/<\/a><\/li><li>Your online choices: <a href=\"http:\/\/www.youronlinechoices.com\/\">http:\/\/www.youronlinechoices.com\/<\/a><\/li><\/ul>\n\n\n\n<h5 class=\"wp-block-heading\"><strong>Cookies utilizadas en www.<\/strong>luxospackaging.com<\/h5>\n\n\n\n<figure class=\"wp-block-image\"><img decoding=\"async\" src=\"https:\/\/embaflow.com\/wp-content\/uploads\/2019\/08\/Captura.jpg\" alt=\"\" class=\"wp-image-1010\"\/><\/figure>\n\n\n\n<h5 class=\"wp-block-heading\"><strong>Aceptaci\u00f3n de la Pol\u00edtica de cookies<\/strong><strong><\/strong><\/h5>\n\n\n\n<p>www.embaflow.com asume que usted acepta el uso de\ncookies. No obstante, muestra informaci\u00f3n sobre su Pol\u00edtica de cookies en la\nparte inferior o superior de cualquier p\u00e1gina del portal con cada inicio de\nsesi\u00f3n con el objeto de que usted sea consciente.<\/p>\n\n\n\n<p>Ante esta\ninformaci\u00f3n es posible llevar a cabo las siguientes acciones:<\/p>\n\n\n\n<ul class=\"wp-block-list\"><li>Aceptar\ncookies: No se volver\u00e1 a visualizar este aviso al acceder a cualquier p\u00e1gina\ndel portal durante la presente sesi\u00f3n.<\/li><li>Cerrar: Se\noculta el aviso en la presente p\u00e1gina.<\/li><li>Modificar su\nconfiguraci\u00f3n: Podr\u00e1 obtener m\u00e1s informaci\u00f3n sobre qu\u00e9 son las cookies, conocer\nla Pol\u00edtica de cookies de www.embaflow.com y modificar la configuraci\u00f3n de su navegador.<\/li><\/ul>\n\n\n\n<p><\/p>\n\n\n<p><!--EndFragment--><br>\n<br>\n<\/p>","protected":false},"excerpt":{"rendered":"<p>POL\u00cdTICA DE COOKIES LUXOS PACKAGING LUXOS PACKAGING , SL informa acerca del uso de las cookies en su p\u00e1gina web http:\/\/luxospackaging.com\/ \u00bfQu\u00e9 son las cookies? Las cookies son archivos que se pueden descargar en su equipo a trav\u00e9s de las&#8230;<\/p>\n","protected":false},"author":1,"featured_media":0,"parent":0,"menu_order":0,"comment_status":"closed","ping_status":"closed","template":"","meta":{"footnotes":""},"class_list":["post-520","page","type-page","status-publish","hentry"],"yoast_head":"<!-- This site is optimized with the Yoast SEO plugin v27.4 - https:\/\/yoast.com\/product\/yoast-seo-wordpress\/ -->\n<title>Pol\u00edtica de Cookies - Blog Luxos Packaging<\/title>\n<meta name=\"robots\" content=\"index, follow, max-snippet:-1, max-image-preview:large, max-video-preview:-1\" \/>\n<link rel=\"canonical\" href=\"https:\/\/luxospackaging.com\/blog\/politica-de-cookies\/\" \/>\n<meta property=\"og:locale\" content=\"es_ES\" \/>\n<meta property=\"og:type\" content=\"article\" \/>\n<meta property=\"og:title\" content=\"Pol\u00edtica de Cookies - Blog Luxos Packaging\" \/>\n<meta property=\"og:description\" content=\"POL\u00cdTICA DE COOKIES LUXOS PACKAGING LUXOS PACKAGING , SL informa acerca del uso de las cookies en su p\u00e1gina web http:\/\/luxospackaging.com\/ \u00bfQu\u00e9 son las cookies? Las cookies son archivos que se pueden descargar en su equipo a trav\u00e9s de las...\" \/>\n<meta property=\"og:url\" content=\"https:\/\/luxospackaging.com\/blog\/politica-de-cookies\/\" \/>\n<meta property=\"og:site_name\" content=\"Blog Luxos Packaging\" \/>\n<meta property=\"article:modified_time\" content=\"2020-01-24T16:37:39+00:00\" \/>\n<meta property=\"og:image\" content=\"https:\/\/embaflow.com\/wp-content\/uploads\/2019\/08\/Captura.jpg\" \/>\n<meta name=\"twitter:label1\" content=\"Tiempo de lectura\" \/>\n\t<meta name=\"twitter:data1\" content=\"7 minutos\" \/>\n<script type=\"application\/ld+json\" class=\"yoast-schema-graph\">{\"@context\":\"https:\\\/\\\/schema.org\",\"@graph\":[{\"@type\":\"WebPage\",\"@id\":\"https:\\\/\\\/luxospackaging.com\\\/blog\\\/politica-de-cookies\\\/\",\"url\":\"https:\\\/\\\/luxospackaging.com\\\/blog\\\/politica-de-cookies\\\/\",\"name\":\"Pol\u00edtica de Cookies - Blog Luxos Packaging\",\"isPartOf\":{\"@id\":\"https:\\\/\\\/luxospackaging.com\\\/blog\\\/#website\"},\"primaryImageOfPage\":{\"@id\":\"https:\\\/\\\/luxospackaging.com\\\/blog\\\/politica-de-cookies\\\/#primaryimage\"},\"image\":{\"@id\":\"https:\\\/\\\/luxospackaging.com\\\/blog\\\/politica-de-cookies\\\/#primaryimage\"},\"thumbnailUrl\":\"https:\\\/\\\/embaflow.com\\\/wp-content\\\/uploads\\\/2019\\\/08\\\/Captura.jpg\",\"datePublished\":\"2020-01-24T16:32:45+00:00\",\"dateModified\":\"2020-01-24T16:37:39+00:00\",\"inLanguage\":\"es\",\"potentialAction\":[{\"@type\":\"ReadAction\",\"target\":[\"https:\\\/\\\/luxospackaging.com\\\/blog\\\/politica-de-cookies\\\/\"]}]},{\"@type\":\"ImageObject\",\"inLanguage\":\"es\",\"@id\":\"https:\\\/\\\/luxospackaging.com\\\/blog\\\/politica-de-cookies\\\/#primaryimage\",\"url\":\"https:\\\/\\\/embaflow.com\\\/wp-content\\\/uploads\\\/2019\\\/08\\\/Captura.jpg\",\"contentUrl\":\"https:\\\/\\\/embaflow.com\\\/wp-content\\\/uploads\\\/2019\\\/08\\\/Captura.jpg\"},{\"@type\":\"WebSite\",\"@id\":\"https:\\\/\\\/luxospackaging.com\\\/blog\\\/#website\",\"url\":\"https:\\\/\\\/luxospackaging.com\\\/blog\\\/\",\"name\":\"Blog Luxos Packaging\",\"description\":\"Bienvenidos a nuestro blog\",\"potentialAction\":[{\"@type\":\"SearchAction\",\"target\":{\"@type\":\"EntryPoint\",\"urlTemplate\":\"https:\\\/\\\/luxospackaging.com\\\/blog\\\/?s={search_term_string}\"},\"query-input\":{\"@type\":\"PropertyValueSpecification\",\"valueRequired\":true,\"valueName\":\"search_term_string\"}}],\"inLanguage\":\"es\"}]}<\/script>\n<!-- \/ Yoast SEO plugin. -->","yoast_head_json":{"title":"Pol\u00edtica de Cookies - Blog Luxos Packaging","robots":{"index":"index","follow":"follow","max-snippet":"max-snippet:-1","max-image-preview":"max-image-preview:large","max-video-preview":"max-video-preview:-1"},"canonical":"https:\/\/luxospackaging.com\/blog\/politica-de-cookies\/","og_locale":"es_ES","og_type":"article","og_title":"Pol\u00edtica de Cookies - Blog Luxos Packaging","og_description":"POL\u00cdTICA DE COOKIES LUXOS PACKAGING LUXOS PACKAGING , SL informa acerca del uso de las cookies en su p\u00e1gina web http:\/\/luxospackaging.com\/ \u00bfQu\u00e9 son las cookies? Las cookies son archivos que se pueden descargar en su equipo a trav\u00e9s de las...","og_url":"https:\/\/luxospackaging.com\/blog\/politica-de-cookies\/","og_site_name":"Blog Luxos Packaging","article_modified_time":"2020-01-24T16:37:39+00:00","og_image":[{"url":"https:\/\/embaflow.com\/wp-content\/uploads\/2019\/08\/Captura.jpg","type":"","width":"","height":""}],"twitter_misc":{"Tiempo de lectura":"7 minutos"},"schema":{"@context":"https:\/\/schema.org","@graph":[{"@type":"WebPage","@id":"https:\/\/luxospackaging.com\/blog\/politica-de-cookies\/","url":"https:\/\/luxospackaging.com\/blog\/politica-de-cookies\/","name":"Pol\u00edtica de Cookies - Blog Luxos Packaging","isPartOf":{"@id":"https:\/\/luxospackaging.com\/blog\/#website"},"primaryImageOfPage":{"@id":"https:\/\/luxospackaging.com\/blog\/politica-de-cookies\/#primaryimage"},"image":{"@id":"https:\/\/luxospackaging.com\/blog\/politica-de-cookies\/#primaryimage"},"thumbnailUrl":"https:\/\/embaflow.com\/wp-content\/uploads\/2019\/08\/Captura.jpg","datePublished":"2020-01-24T16:32:45+00:00","dateModified":"2020-01-24T16:37:39+00:00","inLanguage":"es","potentialAction":[{"@type":"ReadAction","target":["https:\/\/luxospackaging.com\/blog\/politica-de-cookies\/"]}]},{"@type":"ImageObject","inLanguage":"es","@id":"https:\/\/luxospackaging.com\/blog\/politica-de-cookies\/#primaryimage","url":"https:\/\/embaflow.com\/wp-content\/uploads\/2019\/08\/Captura.jpg","contentUrl":"https:\/\/embaflow.com\/wp-content\/uploads\/2019\/08\/Captura.jpg"},{"@type":"WebSite","@id":"https:\/\/luxospackaging.com\/blog\/#website","url":"https:\/\/luxospackaging.com\/blog\/","name":"Blog Luxos Packaging","description":"Bienvenidos a nuestro blog","potentialAction":[{"@type":"SearchAction","target":{"@type":"EntryPoint","urlTemplate":"https:\/\/luxospackaging.com\/blog\/?s={search_term_string}"},"query-input":{"@type":"PropertyValueSpecification","valueRequired":true,"valueName":"search_term_string"}}],"inLanguage":"es"}]}},"_links":{"self":[{"href":"https:\/\/luxospackaging.com\/blog\/wp-json\/wp\/v2\/pages\/520","targetHints":{"allow":["GET"]}}],"collection":[{"href":"https:\/\/luxospackaging.com\/blog\/wp-json\/wp\/v2\/pages"}],"about":[{"href":"https:\/\/luxospackaging.com\/blog\/wp-json\/wp\/v2\/types\/page"}],"author":[{"embeddable":true,"href":"https:\/\/luxospackaging.com\/blog\/wp-json\/wp\/v2\/users\/1"}],"replies":[{"embeddable":true,"href":"https:\/\/luxospackaging.com\/blog\/wp-json\/wp\/v2\/comments?post=520"}],"version-history":[{"count":4,"href":"https:\/\/luxospackaging.com\/blog\/wp-json\/wp\/v2\/pages\/520\/revisions"}],"predecessor-version":[{"id":528,"href":"https:\/\/luxospackaging.com\/blog\/wp-json\/wp\/v2\/pages\/520\/revisions\/528"}],"wp:attachment":[{"href":"https:\/\/luxospackaging.com\/blog\/wp-json\/wp\/v2\/media?parent=520"}],"curies":[{"name":"wp","href":"https:\/\/api.w.org\/{rel}","templated":true}]}}